{"id":1045,"date":"2021-06-01T15:21:07","date_gmt":"2021-06-01T13:21:07","guid":{"rendered":"https:\/\/www.licence-to-cook.com\/official\/?page_id=1045"},"modified":"2021-06-01T15:21:21","modified_gmt":"2021-06-01T13:21:21","slug":"mentions-legales-2","status":"publish","type":"page","link":"https:\/\/www.licence-to-cook.com\/official\/index.php\/mentions-legales-2\/","title":{"rendered":"Mentions l\u00e9gales"},"content":{"rendered":"<p><strong>LICENCE TO COOK est une marque propri\u00e9t\u00e9 de Monsieur Gilles Bellaiche, pr\u00e9sident de la soci\u00e9t\u00e9 Licence-to-cook SAS domicili\u00e9e au 2, Avenue Elsa Triolet 13008 Marseille<br \/>\n<\/strong><\/p>\n<h2>COORDONN\u00c9ES DE CORRESPONDANCE<\/h2>\n<p>Le r\u00e9dacteur en chef et responsable de cette publication \u00e9lectronique est Gilles Bella\u00efche, pr\u00e9sident de Licence-to-cook,<br \/>\n<span id=\"cloak2982080dac9a8901edb7cb48edf31ea3\"><a href=\"mailto:contact@license-to-cook.com\">contact@licence-to-cook.com<\/a><\/span><\/p>\n<h2>H\u00c9BERGEUR<\/h2>\n<p>Ce site internet est h\u00e9berg\u00e9 sur un serveur d\u00e9di\u00e9 en France infog\u00e9r\u00e9 par la soci\u00e9t\u00e9\u00a0<a title=\"Centre d'affaires sur Marseille\" href=\"https:\/\/www.tamel.fr\/\">TAMEL\u00a0<\/a>via son service d&rsquo;<a title=\"H\u00e9bergement de site vitrine professionnel\" href=\"https:\/\/www.webmastermarseille.fr\/hebergement-nom-de-domaine\/12-hebergement-de-votre-site-internet.html\" target=\"_blank\" rel=\"noopener\">h\u00e9bergement de site vitrine professionnel<\/a>\u00a0:\u00a0<a title=\"Webmaster Marseille\" href=\"https:\/\/www.webmastermarseille.fr\/\">https:\/\/www.webmastermarseille.fr<\/a><\/p>\n<h2>R\u00c9ALISATION ET CONCEPTION DU SITE<\/h2>\n<p>Ce\u00a0<a href=\"https:\/\/www.webmastermarseille.fr\/conception-de-votre-site-internet\/2-site-vitrine-professionnel-5-pages-joomla.html\">site internet vitrine professionnel<\/a>\u00a0a \u00e9t\u00e9 r\u00e9alis\u00e9 par l&rsquo;agence\u00a0<a href=\"https:\/\/www.webmastermarseille.fr\/\">WebmasterMarseille.fr<\/a>\u00a0en utilisant le CMS Joomla et gr\u00e2ce \u00e0 la collaboration du graphiste Damien Elma.<\/p>\n<h2>DONN\u00c9ES PERSONNELLES<\/h2>\n<p><strong>Licence To Cook<\/strong>\u00a0s\u2019engage \u00e0 ce que la collecte et le traitement de vos donn\u00e9es personnelles, effectu\u00e9s \u00e0 partir de ce site soient conformes au r\u00e8glement g\u00e9n\u00e9ral sur la protection des donn\u00e9es (RGPD) et \u00e0 la loi Informatique et Libert\u00e9s.<\/p>\n<p>Conform\u00e9ment au R\u00e8glement g\u00e9n\u00e9ral sur la protection des donn\u00e9es (RGPD) et \u00e0 la loi Informatique et libert\u00e9s, vous pouvez acc\u00e9der aux donn\u00e9es vous concernant directement aupr\u00e8s du Groupe \u00e0 l\u2019adresse suivante :\u00a0<span id=\"cloak32edf96e81514f1f23a82158057ad9dc\"><a href=\"mailto:contact@license-to-cook.com\">contact@licence-to-cook.com<\/a><\/span>\u00a0Le cas \u00e9ch\u00e9ant, vous pouvez \u00e9galement obtenir la rectification, l\u2019effacement des donn\u00e9es vous concernant ou obtenir la limitation ou vous opposer pour motif l\u00e9gitime au traitement de ces donn\u00e9es, hormis les cas o\u00f9 la r\u00e9glementation ne permet pas l\u2019exercice de ces droits.<\/p>\n<p>Si vous pensez que vos droits ne sont pas respect\u00e9s, vous pouvez introduire une r\u00e9clamation aupr\u00e8s de la Commission Nationale de l\u2019Informatique et des Libert\u00e9s.<\/p>\n<h2>COLLECTE ET TRAITEMENT DE VOS DONN\u00c9ES A PARTIR DE CE SITE<\/h2>\n<p>Chaque formulaire de contact ou de d\u00e9p\u00f4t de candidature pr\u00e9sent sur ce site indique l\u2019objectif poursuivi lors du recueil de ces donn\u00e9es, si ces donn\u00e9es sont obligatoires ou facultatives pour la gestion de votre demande ainsi que le destinataire de votre demande (en principe, sauf pr\u00e9cision contraire, seul License To Cook prendra connaissance de vos donn\u00e9es).<\/p>\n<h2>Dur\u00e9e de conservation des donn\u00e9es<\/h2>\n<ul>\n<li>Formulaires Dur\u00e9e de conservation des donn\u00e9es<\/li>\n<li>Formulaire de contact 1 an apr\u00e8s la r\u00e9ception de la demande<\/li>\n<li>Formulaire de candidature 1 an apr\u00e8s la r\u00e9ception de la candidature<\/li>\n<\/ul>\n","protected":false},"excerpt":{"rendered":"<p>LICENCE TO COOK est une marque propri\u00e9t\u00e9 de Monsieur Gilles Bellaiche, pr\u00e9sident de la soci\u00e9t\u00e9 Licence-to-cook SAS domicili\u00e9e au 2, Avenue Elsa Triolet 13008 Marseille COORDONN\u00c9ES DE CORRESPONDANCE Le r\u00e9dacteur en chef et responsable de cette publication \u00e9lectronique est Gilles Bella\u00efche, pr\u00e9sident de Licence-to-cook, contact@licence-to-cook.com H\u00c9BERGEUR Ce site internet est h\u00e9berg\u00e9 sur un serveur d\u00e9di\u00e9 [&hellip;]<\/p>\n","protected":false},"author":1,"featured_media":0,"parent":0,"menu_order":0,"comment_status":"closed","ping_status":"closed","template":"","meta":{"footnotes":""},"class_list":["post-1045","page","type-page","status-publish","hentry"],"yoast_head":"<!-- This site is optimized with the Yoast SEO plugin v17.0 - https:\/\/yoast.com\/wordpress\/plugins\/seo\/ -->\n<title>Mentions l\u00e9gales - Licence to cook<\/title>\n<meta name=\"robots\" content=\"index, follow, max-snippet:-1, max-image-preview:large, max-video-preview:-1\" \/>\n<link rel=\"canonical\" href=\"https:\/\/www.licence-to-cook.com\/official\/index.php\/mentions-legales-2\/\" \/>\n<meta property=\"og:locale\" content=\"fr_FR\" \/>\n<meta property=\"og:type\" content=\"article\" \/>\n<meta property=\"og:title\" content=\"Mentions l\u00e9gales - Licence to cook\" \/>\n<meta property=\"og:description\" content=\"LICENCE TO COOK est une marque propri\u00e9t\u00e9 de Monsieur Gilles Bellaiche, pr\u00e9sident de la soci\u00e9t\u00e9 Licence-to-cook SAS domicili\u00e9e au 2, Avenue Elsa Triolet 13008 Marseille COORDONN\u00c9ES DE CORRESPONDANCE Le r\u00e9dacteur en chef et responsable de cette publication \u00e9lectronique est Gilles Bella\u00efche, pr\u00e9sident de Licence-to-cook, contact@licence-to-cook.com H\u00c9BERGEUR Ce site internet est h\u00e9berg\u00e9 sur un serveur d\u00e9di\u00e9 [&hellip;]\" \/>\n<meta property=\"og:url\" content=\"https:\/\/www.licence-to-cook.com\/official\/index.php\/mentions-legales-2\/\" \/>\n<meta property=\"og:site_name\" content=\"Licence to cook\" \/>\n<meta property=\"article:modified_time\" content=\"2021-06-01T13:21:21+00:00\" \/>\n<meta name=\"twitter:card\" content=\"summary_large_image\" \/>\n<meta name=\"twitter:label1\" content=\"Dur\u00e9e de lecture est.\" \/>\n\t<meta name=\"twitter:data1\" content=\"2 minutes\" \/>\n<script type=\"application\/ld+json\" class=\"yoast-schema-graph\">{\"@context\":\"https:\/\/schema.org\",\"@graph\":[{\"@type\":\"WebSite\",\"@id\":\"https:\/\/www.licence-to-cook.com\/official\/#website\",\"url\":\"https:\/\/www.licence-to-cook.com\/official\/\",\"name\":\"Licence to cook\",\"description\":\"Recettes exclusives de personnalit\\u00e9s by Gilles Bella\\u00efche\",\"potentialAction\":[{\"@type\":\"SearchAction\",\"target\":{\"@type\":\"EntryPoint\",\"urlTemplate\":\"https:\/\/www.licence-to-cook.com\/official\/?s={search_term_string}\"},\"query-input\":\"required name=search_term_string\"}],\"inLanguage\":\"fr-FR\"},{\"@type\":\"WebPage\",\"@id\":\"https:\/\/www.licence-to-cook.com\/official\/index.php\/mentions-legales-2\/#webpage\",\"url\":\"https:\/\/www.licence-to-cook.com\/official\/index.php\/mentions-legales-2\/\",\"name\":\"Mentions l\\u00e9gales - Licence to cook\",\"isPartOf\":{\"@id\":\"https:\/\/www.licence-to-cook.com\/official\/#website\"},\"datePublished\":\"2021-06-01T13:21:07+00:00\",\"dateModified\":\"2021-06-01T13:21:21+00:00\",\"breadcrumb\":{\"@id\":\"https:\/\/www.licence-to-cook.com\/official\/index.php\/mentions-legales-2\/#breadcrumb\"},\"inLanguage\":\"fr-FR\",\"potentialAction\":[{\"@type\":\"ReadAction\",\"target\":[\"https:\/\/www.licence-to-cook.com\/official\/index.php\/mentions-legales-2\/\"]}]},{\"@type\":\"BreadcrumbList\",\"@id\":\"https:\/\/www.licence-to-cook.com\/official\/index.php\/mentions-legales-2\/#breadcrumb\",\"itemListElement\":[{\"@type\":\"ListItem\",\"position\":1,\"name\":\"Accueil\",\"item\":\"https:\/\/www.licence-to-cook.com\/official\/index.php\/licence-to-cook\/\"},{\"@type\":\"ListItem\",\"position\":2,\"name\":\"Mentions l\\u00e9gales\"}]}]}<\/script>\n<!-- \/ Yoast SEO plugin. -->","yoast_head_json":{"title":"Mentions l\u00e9gales - Licence to cook","robots":{"index":"index","follow":"follow","max-snippet":"max-snippet:-1","max-image-preview":"max-image-preview:large","max-video-preview":"max-video-preview:-1"},"canonical":"https:\/\/www.licence-to-cook.com\/official\/index.php\/mentions-legales-2\/","og_locale":"fr_FR","og_type":"article","og_title":"Mentions l\u00e9gales - Licence to cook","og_description":"LICENCE TO COOK est une marque propri\u00e9t\u00e9 de Monsieur Gilles Bellaiche, pr\u00e9sident de la soci\u00e9t\u00e9 Licence-to-cook SAS domicili\u00e9e au 2, Avenue Elsa Triolet 13008 Marseille COORDONN\u00c9ES DE CORRESPONDANCE Le r\u00e9dacteur en chef et responsable de cette publication \u00e9lectronique est Gilles Bella\u00efche, pr\u00e9sident de Licence-to-cook, contact@licence-to-cook.com H\u00c9BERGEUR Ce site internet est h\u00e9berg\u00e9 sur un serveur d\u00e9di\u00e9 [&hellip;]","og_url":"https:\/\/www.licence-to-cook.com\/official\/index.php\/mentions-legales-2\/","og_site_name":"Licence to cook","article_modified_time":"2021-06-01T13:21:21+00:00","twitter_card":"summary_large_image","twitter_misc":{"Dur\u00e9e de lecture est.":"2 minutes"},"schema":{"@context":"https:\/\/schema.org","@graph":[{"@type":"WebSite","@id":"https:\/\/www.licence-to-cook.com\/official\/#website","url":"https:\/\/www.licence-to-cook.com\/official\/","name":"Licence to cook","description":"Recettes exclusives de personnalit\u00e9s by Gilles Bella\u00efche","potentialAction":[{"@type":"SearchAction","target":{"@type":"EntryPoint","urlTemplate":"https:\/\/www.licence-to-cook.com\/official\/?s={search_term_string}"},"query-input":"required name=search_term_string"}],"inLanguage":"fr-FR"},{"@type":"WebPage","@id":"https:\/\/www.licence-to-cook.com\/official\/index.php\/mentions-legales-2\/#webpage","url":"https:\/\/www.licence-to-cook.com\/official\/index.php\/mentions-legales-2\/","name":"Mentions l\u00e9gales - Licence to cook","isPartOf":{"@id":"https:\/\/www.licence-to-cook.com\/official\/#website"},"datePublished":"2021-06-01T13:21:07+00:00","dateModified":"2021-06-01T13:21:21+00:00","breadcrumb":{"@id":"https:\/\/www.licence-to-cook.com\/official\/index.php\/mentions-legales-2\/#breadcrumb"},"inLanguage":"fr-FR","potentialAction":[{"@type":"ReadAction","target":["https:\/\/www.licence-to-cook.com\/official\/index.php\/mentions-legales-2\/"]}]},{"@type":"BreadcrumbList","@id":"https:\/\/www.licence-to-cook.com\/official\/index.php\/mentions-legales-2\/#breadcrumb","itemListElement":[{"@type":"ListItem","position":1,"name":"Accueil","item":"https:\/\/www.licence-to-cook.com\/official\/index.php\/licence-to-cook\/"},{"@type":"ListItem","position":2,"name":"Mentions l\u00e9gales"}]}]}},"_links":{"self":[{"href":"https:\/\/www.licence-to-cook.com\/official\/index.php\/wp-json\/wp\/v2\/pages\/1045","targetHints":{"allow":["GET"]}}],"collection":[{"href":"https:\/\/www.licence-to-cook.com\/official\/index.php\/wp-json\/wp\/v2\/pages"}],"about":[{"href":"https:\/\/www.licence-to-cook.com\/official\/index.php\/wp-json\/wp\/v2\/types\/page"}],"author":[{"embeddable":true,"href":"https:\/\/www.licence-to-cook.com\/official\/index.php\/wp-json\/wp\/v2\/users\/1"}],"replies":[{"embeddable":true,"href":"https:\/\/www.licence-to-cook.com\/official\/index.php\/wp-json\/wp\/v2\/comments?post=1045"}],"version-history":[{"count":1,"href":"https:\/\/www.licence-to-cook.com\/official\/index.php\/wp-json\/wp\/v2\/pages\/1045\/revisions"}],"predecessor-version":[{"id":1046,"href":"https:\/\/www.licence-to-cook.com\/official\/index.php\/wp-json\/wp\/v2\/pages\/1045\/revisions\/1046"}],"wp:attachment":[{"href":"https:\/\/www.licence-to-cook.com\/official\/index.php\/wp-json\/wp\/v2\/media?parent=1045"}],"curies":[{"name":"wp","href":"https:\/\/api.w.org\/{rel}","templated":true}]}}